{"id":2439,"date":"2023-02-16T15:38:10","date_gmt":"2023-02-16T15:38:10","guid":{"rendered":"https:\/\/mutelcor.com\/de\/?page_id=2439"},"modified":"2026-01-09T11:02:07","modified_gmt":"2026-01-09T11:02:07","slug":"impressum","status":"publish","type":"page","link":"https:\/\/mutelcor.com\/de\/impressum\/","title":{"rendered":"Impressum"},"content":{"rendered":"\t\t<div data-elementor-type=\"wp-page\" data-elementor-id=\"2439\" class=\"elementor elementor-2439\">\n\t\t\t\t\t\t<section class=\"elementor-section elementor-top-section elementor-element elementor-element-e453f26 elementor-section-full_width elementor-section-height-min-height elementor-section-items-stretch ct-section-stretched elementor-section-height-default\" data-id=\"e453f26\" data-element_type=\"section\" data-e-type=\"section\" data-settings=\"{&quot;background_background&quot;:&quot;classic&quot;}\">\n\t\t\t\t\t\t\t<div class=\"elementor-background-overlay\"><\/div>\n\t\t\t\t\t\t\t<div class=\"elementor-container elementor-column-gap-default\">\n\t\t\t\t\t<div class=\"elementor-column elementor-col-100 elementor-top-column elementor-element elementor-element-c4098ff\" data-id=\"c4098ff\" data-element_type=\"column\" data-e-type=\"column\">\n\t\t\t<div class=\"elementor-widget-wrap elementor-element-populated\">\n\t\t\t\t\t\t<div class=\"elementor-element elementor-element-062dc44 elementor-invisible elementor-widget elementor-widget-heading\" data-id=\"062dc44\" data-element_type=\"widget\" data-e-type=\"widget\" data-settings=\"{&quot;_animation&quot;:&quot;fadeInDown&quot;}\" data-widget_type=\"heading.default\">\n\t\t\t\t<div class=\"elementor-widget-container\">\n\t\t\t\t\t<h1 class=\"elementor-heading-title elementor-size-default\">Impressum<\/h1>\t\t\t\t<\/div>\n\t\t\t\t<\/div>\n\t\t\t\t\t<\/div>\n\t\t<\/div>\n\t\t\t\t\t<\/div>\n\t\t<\/section>\n\t\t\t\t<section class=\"elementor-section elementor-top-section elementor-element elementor-element-30af8bd2 elementor-section-boxed elementor-section-height-default elementor-section-height-default\" data-id=\"30af8bd2\" data-element_type=\"section\" data-e-type=\"section\">\n\t\t\t\t\t\t<div class=\"elementor-container elementor-column-gap-default\">\n\t\t\t\t\t<div class=\"elementor-column elementor-col-100 elementor-top-column elementor-element elementor-element-6d8c4dd3\" data-id=\"6d8c4dd3\" data-element_type=\"column\" data-e-type=\"column\">\n\t\t\t<div class=\"elementor-widget-wrap elementor-element-populated\">\n\t\t\t\t\t\t<div class=\"elementor-element elementor-element-5a630089 elementor-widget elementor-widget-text-editor\" data-id=\"5a630089\" data-element_type=\"widget\" data-e-type=\"widget\" data-widget_type=\"text-editor.default\">\n\t\t\t\t<div class=\"elementor-widget-container\">\n\t\t\t\t\t\t\t\t\t<h4>Pflichtangaben nach \u00a7 5 TMG<\/h4><p>Mutelcor GmbH<br \/>An der Bastei 42a<br \/>47259 Duisburg<br \/>Deutschland<\/p><p>Telefon: +49\u2004203\u20047299 60 70<br \/>WhatsApp: +49 1525 6173196<br \/>E-Mail: business@mutelcor.com<\/p><p>Web: <a href=\"https:\/\/mutelcor.com\">https:\/\/mutelcor.com<\/a><\/p><p>Gesch\u00e4ftsf\u00fchrer: Alok Gauba<\/p><p>Handelsregister: Duisburg HRB 30198<br \/>Umsatzsteuer-Identifikationsnummer: DE 294367576<br \/>WEEE \u2013 Reg. Nr.: DE 71445608<\/p><h4>Rechtliche Hinweise \/ Disclaimer<\/h4><p><b>Urheberrechte<\/b><br \/>S\u00e4mtliche Texte, Bilder, Grafiken, Video-, Animations- und Sounddateien sowie ihre Arrangements unterliegen dem Urheberrecht und anderen Gesetzen zum Schutz geistigen Eigentums. Sie, sowie der Inhalt dieser Webseiten, d\u00fcrfen weder f\u00fcr gewerbliche oder kommerzielle Zwecke noch zur Weitergabe kopiert, ver\u00e4ndert und auf anderen Webseiten verwendet werden.<br \/>Wir weisen darauf hin, dass einige Mutelcor-Webseiten Bilder enthalten, die dem Urheberrecht derjenigen unterliegen, die diese der Mutelcor GmbH zur Verf\u00fcgung gestellt haben.<\/p><p><b>Konzeption und Realisierung der Homepage: <a href=\"mailto: sameerlalwani4@gmail.com\">Sameer<\/a><\/b><\/p><p><b>Bildnachweis<\/b><br \/>\u00a9 fotolia: Sascha Tiebel #783244, design on arrival #15591369, P.C. #16150125, Gruenberg #14390613, nyul #12514617, Philipp Maurer #2735385, Pescatore #10232783, Kurhan #6765102, DN #7287101 Copyright<\/p><p><b>Markenrechte<\/b><br \/>Alle auf den Webseiten der Mutelcor GmbH erscheinenden Marken und Markenzeichen d\u00fcrfen nur mit ausdr\u00fccklicher Zustimmung der Mutelcor GmbH oder des jeweiligen Markeninhabers verwendet werden.<\/p><p><b>Haftung und Gew\u00e4hrleistung<\/b><br \/>Alle Informationen auf den Webseiten stellt die Mutelcor GmbH ohne jegliche Gew\u00e4hrleistung oder Zusicherung jedweder Art, sei sie ausdr\u00fccklich oder stillschweigend, zur Verf\u00fcgung. Ausgeschlossen sind insbesondere alle, auch stillschweigenden Gew\u00e4hrleistungen betreffend etwaige kommerzielle Nutzung der Inhalte oder die Eignung der Webseiten f\u00fcr bestimmte Zwecke.<br \/>Diese Webseiten wurden mit gr\u00f6\u00dftm\u00f6glicher Sorgfalt zusammengestellt. Trotzdem kann keine Gew\u00e4hr f\u00fcr die Fehlerfreiheit und Genauigkeit der enthaltenen Informationen \u00fcbernommen werden. Jegliche Haftung f\u00fcr Sch\u00e4den, die direkt oder indirekt aus der Benutzung dieser Website entstehen, wird ausgeschlossen, soweit diese nicht auf Vorsatz oder grober Fahrl\u00e4ssigkeit beruhen oder eine Verletzung von Leib und Leben verursachen. Die Mutelcor GmbH hat nicht alle Informationen, auf die sich die Dokumente st\u00fctzen, selbst gepr\u00fcft und \u00fcbernimmt keine Haftung f\u00fcr Verluste, die durch die Verwendung dieser Informationen verursacht oder mit der Nutzung dieser Informationen im Zusammenhang stehen.<\/p><p><b>Lizenzen<\/b><br \/>Das auf den Webseiten der Mutelcor GmbH enthaltene geistige Eigentum wie Patente, Marken und Urheberrechte ist gesch\u00fctzt. Durch diese Webseiten wird keine Lizenz zur Nutzung des geistigen Eigentums von der Mutelcor GmbH oder Dritten erteilt.<\/p><p><b>Links und Frames<\/b><br \/>Bei direkten oder indirekten Verweisen auf fremde Internetseiten (\u201eLinks\u201c), die nicht im Verantwortungsbereich der Mutelcor GmbH liegen, macht sich Mutelcor den Inhalt dieser fremder Webseiten nicht zu eigen. Trotz sorgf\u00e4ltiger inhaltlicher Kontrolle \u00fcbernimmt Mutelcor keine Haftung f\u00fcr die Inhalte externer Links. F\u00fcr den Inhalt der verlinkten Seiten sind ausschlie\u00dflich deren Betreiber verantwortlich<\/p><p>Die Einbindung von Webseiten der Mutelcor GmbH in eine Rahmenstruktur (\u201eFrames\u201c) ist nur nach vorheriger schriftlicher Zustimmung der Mutelcor GmbH zul\u00e4ssig. Die Mutelcor GmbH hat gr\u00f6\u00dftm\u00f6gliche Sorgfalt auf die Auswahl und Zusammenstellung der folgenden Verweisungen (\u201eLinks\u201c) verwandt. Aus rechtlichen Gr\u00fcnden weist Mutelcor auf das Folgende hin: Die nachfolgenden Links sind eine nicht repr\u00e4sentative Auswahl an weiterf\u00fchrenden Links ohne Anspruch auf Vollst\u00e4ndigkeit und Ausschlie\u00dflichkeit. Weder das Auff\u00fchren noch das Nicht-Auff\u00fchren eines Links stellt eine Empfehlung von Mutelcor dar.<\/p><p>Alle Informationen und Links auf die nachfolgenden Webseiten stellt Mutelcor ohne jegliche Gew\u00e4hrleistung oder Zusicherung jedweder Art, sei sie ausdr\u00fccklich oder stillschweigend, zur Verf\u00fcgung. Ausgeschlossen sind insbesondere alle, auch stillschweigenden Gew\u00e4hrleistungen betreffend etwaige kommerzielle Nutzung der Inhalte oder die Eignung der Webseiten f\u00fcr bestimmte Zwecke. Jegliche Haftung f\u00fcr Sch\u00e4den, die direkt oder indirekt aus der Nutzung der Links entstehen, wird jedoch ausgeschlossen, soweit diese nicht auf Vorsatz oder grober Fahrl\u00e4ssigkeit beruhen oder eine Verletzung von Leib und Leben verursachen.<\/p><p><b>Kommunikation per Email<\/b><br \/>Kommunikation per E-Mail kann Sicherheitsl\u00fccken aufweisen. Beispielsweise k\u00f6nnen E-Mails auf ihrem Weg von versierten Internetnutzern aufgehalten und eingesehen werden. Sollten wir eine E-Mail von Ihnen erhalten, so gehen wir davon aus, dass wir zu einer Beantwortung per E-Mail berechtigt sind. Ansonsten m\u00fcssen Sie ausdr\u00fccklich auf eine andere Art der Kommunikation verweisen.<\/p>\t\t\t\t\t\t\t\t<\/div>\n\t\t\t\t<\/div>\n\t\t\t\t\t<\/div>\n\t\t<\/div>\n\t\t\t\t\t<\/div>\n\t\t<\/section>\n\t\t\t\t<\/div>\n\t\t","protected":false},"excerpt":{"rendered":"<p>Impressum Pflichtangaben nach \u00a7 5 TMG Mutelcor GmbHAn der Bastei 42a47259 DuisburgDeutschland Telefon: +49\u2004203\u20047299 60 70WhatsApp: +49 1525 6173196E-Mail: business@mutelcor.com Web: https:\/\/mutelcor.com Gesch\u00e4ftsf\u00fchrer: Alok Gauba Handelsregister: Duisburg HRB 30198Umsatzsteuer-Identifikationsnummer: DE 294367576WEEE \u2013 Reg. Nr.: DE 71445608 Rechtliche Hinweise \/ Disclaimer UrheberrechteS\u00e4mtliche Texte, Bilder, Grafiken, Video-, Animations- und Sounddateien sowie ihre Arrangements unterliegen dem Urheberrecht und [&hellip;]<\/p>\n","protected":false},"author":1,"featured_media":0,"parent":0,"menu_order":0,"comment_status":"closed","ping_status":"closed","template":"","meta":{"footnotes":""},"class_list":["post-2439","page","type-page","status-publish","hentry"],"blocksy_meta":{"styles_descriptor":{"styles":{"desktop":"","tablet":"","mobile":""},"google_fonts":[],"version":6}},"yoast_head":"<!-- This site is optimized with the Yoast SEO plugin v27.3 - https:\/\/yoast.com\/product\/yoast-seo-wordpress\/ -->\n<title>Impressum - Mutelcor<\/title>\n<meta name=\"robots\" content=\"index, follow, max-snippet:-1, max-image-preview:large, max-video-preview:-1\" \/>\n<link rel=\"canonical\" href=\"https:\/\/mutelcor.com\/de\/impressum\/\" \/>\n<meta property=\"og:locale\" content=\"de_DE\" \/>\n<meta property=\"og:type\" content=\"article\" \/>\n<meta property=\"og:title\" content=\"Impressum - Mutelcor\" \/>\n<meta property=\"og:description\" content=\"Impressum Pflichtangaben nach \u00a7 5 TMG Mutelcor GmbHAn der Bastei 42a47259 DuisburgDeutschland Telefon: +49\u2004203\u20047299 60 70WhatsApp: +49 1525 6173196E-Mail: business@mutelcor.com Web: https:\/\/mutelcor.com Gesch\u00e4ftsf\u00fchrer: Alok Gauba Handelsregister: Duisburg HRB 30198Umsatzsteuer-Identifikationsnummer: DE 294367576WEEE \u2013 Reg. Nr.: DE 71445608 Rechtliche Hinweise \/ Disclaimer UrheberrechteS\u00e4mtliche Texte, Bilder, Grafiken, Video-, Animations- und Sounddateien sowie ihre Arrangements unterliegen dem Urheberrecht und [&hellip;]\" \/>\n<meta property=\"og:url\" content=\"https:\/\/mutelcor.com\/de\/impressum\/\" \/>\n<meta property=\"og:site_name\" content=\"Mutelcor\" \/>\n<meta property=\"article:publisher\" content=\"https:\/\/www.facebook.com\/mutelcor\" \/>\n<meta property=\"article:modified_time\" content=\"2026-01-09T11:02:07+00:00\" \/>\n<meta name=\"twitter:card\" content=\"summary_large_image\" \/>\n<meta name=\"twitter:label1\" content=\"Gesch\u00e4tzte Lesezeit\" \/>\n\t<meta name=\"twitter:data1\" content=\"4\u00a0Minuten\" \/>\n<script type=\"application\/ld+json\" class=\"yoast-schema-graph\">{\"@context\":\"https:\\\/\\\/schema.org\",\"@graph\":[{\"@type\":\"WebPage\",\"@id\":\"https:\\\/\\\/mutelcor.com\\\/de\\\/impressum\\\/\",\"url\":\"https:\\\/\\\/mutelcor.com\\\/de\\\/impressum\\\/\",\"name\":\"Impressum - Mutelcor\",\"isPartOf\":{\"@id\":\"https:\\\/\\\/mutelcor.com\\\/de\\\/#website\"},\"datePublished\":\"2023-02-16T15:38:10+00:00\",\"dateModified\":\"2026-01-09T11:02:07+00:00\",\"breadcrumb\":{\"@id\":\"https:\\\/\\\/mutelcor.com\\\/de\\\/impressum\\\/#breadcrumb\"},\"inLanguage\":\"de\",\"potentialAction\":[{\"@type\":\"ReadAction\",\"target\":[\"https:\\\/\\\/mutelcor.com\\\/de\\\/impressum\\\/\"]}]},{\"@type\":\"BreadcrumbList\",\"@id\":\"https:\\\/\\\/mutelcor.com\\\/de\\\/impressum\\\/#breadcrumb\",\"itemListElement\":[{\"@type\":\"ListItem\",\"position\":1,\"name\":\"Home\",\"item\":\"https:\\\/\\\/mutelcor.com\\\/de\\\/\"},{\"@type\":\"ListItem\",\"position\":2,\"name\":\"Impressum\"}]},{\"@type\":\"WebSite\",\"@id\":\"https:\\\/\\\/mutelcor.com\\\/de\\\/#website\",\"url\":\"https:\\\/\\\/mutelcor.com\\\/de\\\/\",\"name\":\"Mutelcor\",\"description\":\"\",\"publisher\":{\"@id\":\"https:\\\/\\\/mutelcor.com\\\/de\\\/#organization\"},\"potentialAction\":[{\"@type\":\"SearchAction\",\"target\":{\"@type\":\"EntryPoint\",\"urlTemplate\":\"https:\\\/\\\/mutelcor.com\\\/de\\\/?s={search_term_string}\"},\"query-input\":{\"@type\":\"PropertyValueSpecification\",\"valueRequired\":true,\"valueName\":\"search_term_string\"}}],\"inLanguage\":\"de\"},{\"@type\":\"Organization\",\"@id\":\"https:\\\/\\\/mutelcor.com\\\/de\\\/#organization\",\"name\":\"Mutelcor\",\"url\":\"https:\\\/\\\/mutelcor.com\\\/de\\\/\",\"logo\":{\"@type\":\"ImageObject\",\"inLanguage\":\"de\",\"@id\":\"https:\\\/\\\/mutelcor.com\\\/de\\\/#\\\/schema\\\/logo\\\/image\\\/\",\"url\":\"https:\\\/\\\/mutelcor.com\\\/de\\\/wp-content\\\/uploads\\\/2023\\\/06\\\/Logo_MutelCor_wo_text_334x54px.svg\",\"contentUrl\":\"https:\\\/\\\/mutelcor.com\\\/de\\\/wp-content\\\/uploads\\\/2023\\\/06\\\/Logo_MutelCor_wo_text_334x54px.svg\",\"width\":334,\"height\":54,\"caption\":\"Mutelcor\"},\"image\":{\"@id\":\"https:\\\/\\\/mutelcor.com\\\/de\\\/#\\\/schema\\\/logo\\\/image\\\/\"},\"sameAs\":[\"https:\\\/\\\/www.facebook.com\\\/mutelcor\",\"https:\\\/\\\/www.linkedin.com\\\/company\\\/mutelcor\"]}]}<\/script>\n<!-- \/ Yoast SEO plugin. -->","yoast_head_json":{"title":"Impressum - Mutelcor","robots":{"index":"index","follow":"follow","max-snippet":"max-snippet:-1","max-image-preview":"max-image-preview:large","max-video-preview":"max-video-preview:-1"},"canonical":"https:\/\/mutelcor.com\/de\/impressum\/","og_locale":"de_DE","og_type":"article","og_title":"Impressum - Mutelcor","og_description":"Impressum Pflichtangaben nach \u00a7 5 TMG Mutelcor GmbHAn der Bastei 42a47259 DuisburgDeutschland Telefon: +49\u2004203\u20047299 60 70WhatsApp: +49 1525 6173196E-Mail: business@mutelcor.com Web: https:\/\/mutelcor.com Gesch\u00e4ftsf\u00fchrer: Alok Gauba Handelsregister: Duisburg HRB 30198Umsatzsteuer-Identifikationsnummer: DE 294367576WEEE \u2013 Reg. Nr.: DE 71445608 Rechtliche Hinweise \/ Disclaimer UrheberrechteS\u00e4mtliche Texte, Bilder, Grafiken, Video-, Animations- und Sounddateien sowie ihre Arrangements unterliegen dem Urheberrecht und [&hellip;]","og_url":"https:\/\/mutelcor.com\/de\/impressum\/","og_site_name":"Mutelcor","article_publisher":"https:\/\/www.facebook.com\/mutelcor","article_modified_time":"2026-01-09T11:02:07+00:00","twitter_card":"summary_large_image","twitter_misc":{"Gesch\u00e4tzte Lesezeit":"4\u00a0Minuten"},"schema":{"@context":"https:\/\/schema.org","@graph":[{"@type":"WebPage","@id":"https:\/\/mutelcor.com\/de\/impressum\/","url":"https:\/\/mutelcor.com\/de\/impressum\/","name":"Impressum - Mutelcor","isPartOf":{"@id":"https:\/\/mutelcor.com\/de\/#website"},"datePublished":"2023-02-16T15:38:10+00:00","dateModified":"2026-01-09T11:02:07+00:00","breadcrumb":{"@id":"https:\/\/mutelcor.com\/de\/impressum\/#breadcrumb"},"inLanguage":"de","potentialAction":[{"@type":"ReadAction","target":["https:\/\/mutelcor.com\/de\/impressum\/"]}]},{"@type":"BreadcrumbList","@id":"https:\/\/mutelcor.com\/de\/impressum\/#breadcrumb","itemListElement":[{"@type":"ListItem","position":1,"name":"Home","item":"https:\/\/mutelcor.com\/de\/"},{"@type":"ListItem","position":2,"name":"Impressum"}]},{"@type":"WebSite","@id":"https:\/\/mutelcor.com\/de\/#website","url":"https:\/\/mutelcor.com\/de\/","name":"Mutelcor","description":"","publisher":{"@id":"https:\/\/mutelcor.com\/de\/#organization"},"potentialAction":[{"@type":"SearchAction","target":{"@type":"EntryPoint","urlTemplate":"https:\/\/mutelcor.com\/de\/?s={search_term_string}"},"query-input":{"@type":"PropertyValueSpecification","valueRequired":true,"valueName":"search_term_string"}}],"inLanguage":"de"},{"@type":"Organization","@id":"https:\/\/mutelcor.com\/de\/#organization","name":"Mutelcor","url":"https:\/\/mutelcor.com\/de\/","logo":{"@type":"ImageObject","inLanguage":"de","@id":"https:\/\/mutelcor.com\/de\/#\/schema\/logo\/image\/","url":"https:\/\/mutelcor.com\/de\/wp-content\/uploads\/2023\/06\/Logo_MutelCor_wo_text_334x54px.svg","contentUrl":"https:\/\/mutelcor.com\/de\/wp-content\/uploads\/2023\/06\/Logo_MutelCor_wo_text_334x54px.svg","width":334,"height":54,"caption":"Mutelcor"},"image":{"@id":"https:\/\/mutelcor.com\/de\/#\/schema\/logo\/image\/"},"sameAs":["https:\/\/www.facebook.com\/mutelcor","https:\/\/www.linkedin.com\/company\/mutelcor"]}]}},"_links":{"self":[{"href":"https:\/\/mutelcor.com\/de\/wp-json\/wp\/v2\/pages\/2439","targetHints":{"allow":["GET"]}}],"collection":[{"href":"https:\/\/mutelcor.com\/de\/wp-json\/wp\/v2\/pages"}],"about":[{"href":"https:\/\/mutelcor.com\/de\/wp-json\/wp\/v2\/types\/page"}],"author":[{"embeddable":true,"href":"https:\/\/mutelcor.com\/de\/wp-json\/wp\/v2\/users\/1"}],"replies":[{"embeddable":true,"href":"https:\/\/mutelcor.com\/de\/wp-json\/wp\/v2\/comments?post=2439"}],"version-history":[{"count":65,"href":"https:\/\/mutelcor.com\/de\/wp-json\/wp\/v2\/pages\/2439\/revisions"}],"predecessor-version":[{"id":8452,"href":"https:\/\/mutelcor.com\/de\/wp-json\/wp\/v2\/pages\/2439\/revisions\/8452"}],"wp:attachment":[{"href":"https:\/\/mutelcor.com\/de\/wp-json\/wp\/v2\/media?parent=2439"}],"curies":[{"name":"wp","href":"https:\/\/api.w.org\/{rel}","templated":true}]}}