{"id":4244,"date":"2023-04-03T07:57:43","date_gmt":"2023-04-03T07:57:43","guid":{"rendered":"https:\/\/mutelcor.com\/de\/?page_id=4244"},"modified":"2025-03-07T11:03:58","modified_gmt":"2025-03-07T11:03:58","slug":"iot-lora-consulting","status":"publish","type":"page","link":"https:\/\/mutelcor.com\/de\/iot-lora-consulting\/","title":{"rendered":"IoT \/ LoRa-Beratung"},"content":{"rendered":"\t\t<div data-elementor-type=\"wp-page\" data-elementor-id=\"4244\" class=\"elementor elementor-4244\">\n\t\t\t\t\t\t<section class=\"elementor-section elementor-top-section elementor-element elementor-element-5224c39d elementor-section-full_width elementor-section-height-min-height elementor-section-items-stretch elementor-section-height-default\" data-id=\"5224c39d\" data-element_type=\"section\" data-e-type=\"section\" data-settings=\"{&quot;background_background&quot;:&quot;classic&quot;}\">\n\t\t\t\t\t\t\t<div class=\"elementor-background-overlay\"><\/div>\n\t\t\t\t\t\t\t<div class=\"elementor-container elementor-column-gap-default\">\n\t\t\t\t\t<div class=\"elementor-column elementor-col-100 elementor-top-column elementor-element elementor-element-2214ae6c\" data-id=\"2214ae6c\" data-element_type=\"column\" data-e-type=\"column\">\n\t\t\t<div class=\"elementor-widget-wrap elementor-element-populated\">\n\t\t\t\t\t\t<div class=\"elementor-element elementor-element-33aa0a15 elementor-hidden-tablet elementor-hidden-mobile elementor-invisible elementor-widget elementor-widget-heading\" data-id=\"33aa0a15\" data-element_type=\"widget\" data-e-type=\"widget\" data-settings=\"{&quot;_animation&quot;:&quot;fadeInDown&quot;}\" data-widget_type=\"heading.default\">\n\t\t\t\t<div class=\"elementor-widget-container\">\n\t\t\t\t\t<h1 class=\"elementor-heading-title elementor-size-default\">LoRa-Beratung und L\u00f6sungen<\/h1>\t\t\t\t<\/div>\n\t\t\t\t<\/div>\n\t\t\t\t<div class=\"elementor-element elementor-element-b41c638 elementor-hidden-desktop elementor-invisible elementor-widget elementor-widget-heading\" data-id=\"b41c638\" data-element_type=\"widget\" data-e-type=\"widget\" data-settings=\"{&quot;_animation&quot;:&quot;fadeInDown&quot;}\" data-widget_type=\"heading.default\">\n\t\t\t\t<div class=\"elementor-widget-container\">\n\t\t\t\t\t<h1 class=\"elementor-heading-title elementor-size-default\">LoRa-Beratung<\/h1>\t\t\t\t<\/div>\n\t\t\t\t<\/div>\n\t\t\t\t<div class=\"elementor-element elementor-element-586b8c5 elementor-hidden-desktop elementor-invisible elementor-widget elementor-widget-heading\" data-id=\"586b8c5\" data-element_type=\"widget\" data-e-type=\"widget\" data-settings=\"{&quot;_animation&quot;:&quot;fadeInDown&quot;}\" data-widget_type=\"heading.default\">\n\t\t\t\t<div class=\"elementor-widget-container\">\n\t\t\t\t\t<h1 class=\"elementor-heading-title elementor-size-default\">und L\u00f6sungen<\/h1>\t\t\t\t<\/div>\n\t\t\t\t<\/div>\n\t\t\t\t\t<\/div>\n\t\t<\/div>\n\t\t\t\t\t<\/div>\n\t\t<\/section>\n\t\t\t\t<section class=\"elementor-section elementor-top-section elementor-element elementor-element-53459042 elementor-section-boxed elementor-section-height-default elementor-section-height-default\" data-id=\"53459042\" data-element_type=\"section\" data-e-type=\"section\" data-settings=\"{&quot;background_background&quot;:&quot;classic&quot;}\">\n\t\t\t\t\t\t<div class=\"elementor-container elementor-column-gap-default\">\n\t\t\t\t\t<div class=\"elementor-column elementor-col-100 elementor-top-column elementor-element elementor-element-12c082b5\" data-id=\"12c082b5\" data-element_type=\"column\" data-e-type=\"column\">\n\t\t\t<div class=\"elementor-widget-wrap elementor-element-populated\">\n\t\t\t\t\t\t<div class=\"elementor-element elementor-element-85bc040 elementor-widget elementor-widget-text-editor\" data-id=\"85bc040\" data-element_type=\"widget\" data-e-type=\"widget\" data-widget_type=\"text-editor.default\">\n\t\t\t\t<div class=\"elementor-widget-container\">\n\t\t\t\t\t\t\t\t\t<p>M\u00f6chten Sie ein drahtloses IoT-Netzwerk implementieren, das Daten von verschiedenen Sensoren und Ger\u00e4ten nahtlos verbinden und \u00fcbertragen kann? Die LoRaWAN-Technologie bietet eine robuste und kosteng\u00fcnstige L\u00f6sung f\u00fcr Unternehmen, die ihre Betriebsabl\u00e4ufe optimieren und das Kundenerlebnis verbessern m\u00f6chten.<\/p><p>Bei Mutelcor sind wir auf Ende-zu-Ende-Beratung spezialisiert, um Ihr Unternehmen bei der Entwicklung, Bereitstellung und Verwaltung von LoRaWAN-Netzwerken und -Anwendungen zu unterst\u00fctzen. Unser Team aus erfahrenen Technikern wird mit Ihnen zusammenarbeiten, um Ihre spezifischen Anforderungen zu bewerten und eine ma\u00dfgeschneiderte L\u00f6sung zu entwerfen, die Ihren Gesch\u00e4ftsanforderungen entspricht. Egal, ob Sie LoRaWAN in Ihre bestehende Infrastruktur integrieren oder ein IoT-Netzwerk von Grund auf neu aufbauen m\u00f6chten, unsere Berater verf\u00fcgen \u00fcber das Wissen und die Erfahrung, um Sie durch den gesamten Prozess zu f\u00fchren.<\/p><p>Von der Gestaltung und Bereitstellung der Netzwerkarchitektur \u00fcber die Integration verschiedener Sensoren bis hin zum Testen und Validieren des Systems begleitet Sie unser Team bei jedem Schritt. Unsere LoRaWAN-Beratung soll Ihrem Unternehmen dabei helfen, eine h\u00f6here betriebliche Effizienz und Kosteneinsparungen zu erzielen und gleichzeitig den Kunden bessere Erfahrungen zu bieten. Durch die Nutzung der LoRaWAN-Technologie kann Ihr Unternehmen Ger\u00e4te aus der Ferne \u00fcberwachen, Daten in Echtzeit analysieren und fundierte Entscheidungen treffen, die Wachstum und Rentabilit\u00e4t f\u00f6rdern.<\/p>\t\t\t\t\t\t\t\t<\/div>\n\t\t\t\t<\/div>\n\t\t\t\t\t<\/div>\n\t\t<\/div>\n\t\t\t\t\t<\/div>\n\t\t<\/section>\n\t\t\t\t<section class=\"elementor-section elementor-top-section elementor-element elementor-element-1825cd14 elementor-section-boxed elementor-section-height-default elementor-section-height-default\" data-id=\"1825cd14\" data-element_type=\"section\" data-e-type=\"section\" data-settings=\"{&quot;background_background&quot;:&quot;classic&quot;}\">\n\t\t\t\t\t\t<div class=\"elementor-container elementor-column-gap-default\">\n\t\t\t\t\t<div class=\"elementor-column elementor-col-100 elementor-top-column elementor-element elementor-element-44086b7b\" data-id=\"44086b7b\" data-element_type=\"column\" data-e-type=\"column\">\n\t\t\t<div class=\"elementor-widget-wrap elementor-element-populated\">\n\t\t\t\t\t\t<div class=\"elementor-element elementor-element-4ac1b273 elementor-widget elementor-widget-heading\" data-id=\"4ac1b273\" data-element_type=\"widget\" data-e-type=\"widget\" data-widget_type=\"heading.default\">\n\t\t\t\t<div class=\"elementor-widget-container\">\n\t\t\t\t\t<h2 class=\"elementor-heading-title elementor-size-default\">Bei Mutelcor bieten wir zwei Beratungsstufen an: <\/h2>\t\t\t\t<\/div>\n\t\t\t\t<\/div>\n\t\t\t\t\t<\/div>\n\t\t<\/div>\n\t\t\t\t\t<\/div>\n\t\t<\/section>\n\t\t\t\t<section class=\"elementor-section elementor-top-section elementor-element elementor-element-40f0703f elementor-section-boxed elementor-section-height-default elementor-section-height-default\" data-id=\"40f0703f\" data-element_type=\"section\" data-e-type=\"section\" data-settings=\"{&quot;background_background&quot;:&quot;classic&quot;}\">\n\t\t\t\t\t\t<div class=\"elementor-container elementor-column-gap-default\">\n\t\t\t\t\t<div class=\"elementor-column elementor-col-50 elementor-top-column elementor-element elementor-element-3605f2ff\" data-id=\"3605f2ff\" data-element_type=\"column\" data-e-type=\"column\">\n\t\t\t<div class=\"elementor-widget-wrap elementor-element-populated\">\n\t\t\t\t\t\t<div class=\"elementor-element elementor-element-279368e elementor-widget elementor-widget-heading\" data-id=\"279368e\" data-element_type=\"widget\" data-e-type=\"widget\" data-widget_type=\"heading.default\">\n\t\t\t\t<div class=\"elementor-widget-container\">\n\t\t\t\t\t<h2 class=\"elementor-heading-title elementor-size-default\">IoT \/ LoRa-Projektberatung<\/h2>\t\t\t\t<\/div>\n\t\t\t\t<\/div>\n\t\t\t\t<div class=\"elementor-element elementor-element-26e7253f elementor-widget elementor-widget-text-editor\" data-id=\"26e7253f\" data-element_type=\"widget\" data-e-type=\"widget\" data-widget_type=\"text-editor.default\">\n\t\t\t\t<div class=\"elementor-widget-container\">\n\t\t\t\t\t\t\t\t\t<p>Sie m\u00f6chten eine komplett neue Anwendung mit verschiedenen LoRa-Sensoren bauen? Wir helfen Ihnen bei der Auswahl der richtigen Komponenten, vom LoRaWAN-Netzwerk \u00fcber die LoRa-Ger\u00e4te bis hin zur Backend-Anwendung mit Dashboard zur Visualisierung der Sensordaten. Gemeinsam mit Ihnen erarbeiten wir die Anforderungen und schlagen Ihnen dann eine L\u00f6sung vor, bei deren Aufbau wir Sie unterst\u00fctzen. Dies umfasst die Installation der Software und eine Schulung, es wird jedoch kein Betriebssupport w\u00e4hrend der Laufzeit der L\u00f6sung gew\u00e4hrt. <\/p>\t\t\t\t\t\t\t\t<\/div>\n\t\t\t\t<\/div>\n\t\t\t\t\t<\/div>\n\t\t<\/div>\n\t\t\t\t<div class=\"elementor-column elementor-col-50 elementor-top-column elementor-element elementor-element-e9733e9\" data-id=\"e9733e9\" data-element_type=\"column\" data-e-type=\"column\">\n\t\t\t<div class=\"elementor-widget-wrap elementor-element-populated\">\n\t\t\t\t\t\t<div class=\"elementor-element elementor-element-9e276a8 elementor-widget elementor-widget-heading\" data-id=\"9e276a8\" data-element_type=\"widget\" data-e-type=\"widget\" data-widget_type=\"heading.default\">\n\t\t\t\t<div class=\"elementor-widget-container\">\n\t\t\t\t\t<h2 class=\"elementor-heading-title elementor-size-default\">IoT \/ LoRa-Projektunterst\u00fctzung<\/h2>\t\t\t\t<\/div>\n\t\t\t\t<\/div>\n\t\t\t\t<div class=\"elementor-element elementor-element-e57657d elementor-widget elementor-widget-text-editor\" data-id=\"e57657d\" data-element_type=\"widget\" data-e-type=\"widget\" data-widget_type=\"text-editor.default\">\n\t\t\t\t<div class=\"elementor-widget-container\">\n\t\t\t\t\t\t\t\t\t<p>Sie haben bereits eine L\u00f6sung und suchen Unterst\u00fctzung, um bestimmte Ger\u00e4te in diese L\u00f6sung zu integrieren? Wir sehen uns die Ger\u00e4te an, die Sie verwenden m\u00f6chten und schlagen die beste Integrationsmethode vor oder geben Ihnen Hinweise auf alternative Ger\u00e4te, die Ihren Anforderungen besser entsprechen. Sie haben Ger\u00e4te, wissen aber nicht, wie Sie deren Daten richtig visualisieren k\u00f6nnen? Wir sammeln Ihre Anforderungen und geben Ihnen konkrete Vorschl\u00e4ge zur Visualisierung in Ihrem Dashboard. Dieses Paket beinhaltet keinen Support bei der Installation der Backend-Applikationen.<\/p>\t\t\t\t\t\t\t\t<\/div>\n\t\t\t\t<\/div>\n\t\t\t\t\t<\/div>\n\t\t<\/div>\n\t\t\t\t\t<\/div>\n\t\t<\/section>\n\t\t\t\t<section class=\"elementor-section elementor-top-section elementor-element elementor-element-bdcff23 elementor-section-boxed elementor-section-height-default elementor-section-height-default\" data-id=\"bdcff23\" data-element_type=\"section\" data-e-type=\"section\" data-settings=\"{&quot;background_background&quot;:&quot;classic&quot;}\">\n\t\t\t\t\t\t<div class=\"elementor-container elementor-column-gap-default\">\n\t\t\t\t\t<div class=\"elementor-column elementor-col-100 elementor-top-column elementor-element elementor-element-9e46a6b\" data-id=\"9e46a6b\" data-element_type=\"column\" data-e-type=\"column\">\n\t\t\t<div class=\"elementor-widget-wrap\">\n\t\t\t\t\t\t\t<\/div>\n\t\t<\/div>\n\t\t\t\t\t<\/div>\n\t\t<\/section>\n\t\t\t\t<section class=\"elementor-section elementor-top-section elementor-element elementor-element-5c5a3c4 elementor-section-boxed elementor-section-height-default elementor-section-height-default\" data-id=\"5c5a3c4\" data-element_type=\"section\" data-e-type=\"section\" data-settings=\"{&quot;background_background&quot;:&quot;classic&quot;}\">\n\t\t\t\t\t\t<div class=\"elementor-container elementor-column-gap-default\">\n\t\t\t\t\t<div class=\"elementor-column elementor-col-100 elementor-top-column elementor-element elementor-element-2bfbf2d\" data-id=\"2bfbf2d\" data-element_type=\"column\" data-e-type=\"column\">\n\t\t\t<div class=\"elementor-widget-wrap elementor-element-populated\">\n\t\t\t\t\t\t<div class=\"elementor-element elementor-element-4854407 elementor-widget elementor-widget-text-editor\" data-id=\"4854407\" data-element_type=\"widget\" data-e-type=\"widget\" data-widget_type=\"text-editor.default\">\n\t\t\t\t<div class=\"elementor-widget-container\">\n\t\t\t\t\t\t\t\t\t<p><strong>Nutzen Sie die Leistungsf\u00e4higkeit der LoRaWAN-Technologie, um gemeinsam mit Mutelcor Ihre Gesch\u00e4ftsabl\u00e4ufe zu optimieren, Kosten zu senken und gro\u00dfartige Kundenerlebnisse zu bieten. Kontaktieren Sie uns, um mehr \u00fcber unsere IoT \/ LoRa-Beratung zu erfahren und wie wir Ihrem Unternehmen zum Erfolg verhelfen k\u00f6nnen.<\/strong><\/p>\t\t\t\t\t\t\t\t<\/div>\n\t\t\t\t<\/div>\n\t\t\t\t<div class=\"elementor-element elementor-element-1d4203c elementor-widget elementor-widget-text-editor\" data-id=\"1d4203c\" data-element_type=\"widget\" data-e-type=\"widget\" data-widget_type=\"text-editor.default\">\n\t\t\t\t<div class=\"elementor-widget-container\">\n\t\t\t\t\t\t\t\t\t<p>Um unsere Unterst\u00fctzung bei der Umsetzung Ihres Projektes anzufragen, schreiben Sie uns an: <strong><a href=\"mailto:business@mutelcor.com\">business@mutelcor.com<\/a><\/strong><\/p>\t\t\t\t\t\t\t\t<\/div>\n\t\t\t\t<\/div>\n\t\t\t\t<div class=\"elementor-element elementor-element-77a60da elementor-align-center envato-kit-111-skew elementor-widget elementor-widget-button\" data-id=\"77a60da\" data-element_type=\"widget\" data-e-type=\"widget\" data-widget_type=\"button.default\">\n\t\t\t\t<div class=\"elementor-widget-container\">\n\t\t\t\t\t\t\t\t\t<div class=\"elementor-button-wrapper\">\n\t\t\t\t\t<a class=\"elementor-button elementor-button-link elementor-size-sm\" href=\"https:\/\/mutelcor.com\/de\/contact-us\/\">\n\t\t\t\t\t\t<span class=\"elementor-button-content-wrapper\">\n\t\t\t\t\t\t\t\t\t<span class=\"elementor-button-text\">Kontakt<\/span>\n\t\t\t\t\t<\/span>\n\t\t\t\t\t<\/a>\n\t\t\t\t<\/div>\n\t\t\t\t\t\t\t\t<\/div>\n\t\t\t\t<\/div>\n\t\t\t\t\t<\/div>\n\t\t<\/div>\n\t\t\t\t\t<\/div>\n\t\t<\/section>\n\t\t\t\t<\/div>\n\t\t","protected":false},"excerpt":{"rendered":"<p>LoRa-Beratung und L\u00f6sungen LoRa-Beratung und L\u00f6sungen M\u00f6chten Sie ein drahtloses IoT-Netzwerk implementieren, das Daten von verschiedenen Sensoren und Ger\u00e4ten nahtlos verbinden und \u00fcbertragen kann? Die LoRaWAN-Technologie bietet eine robuste und kosteng\u00fcnstige L\u00f6sung f\u00fcr Unternehmen, die ihre Betriebsabl\u00e4ufe optimieren und das Kundenerlebnis verbessern m\u00f6chten. Bei Mutelcor sind wir auf Ende-zu-Ende-Beratung spezialisiert, um Ihr Unternehmen bei der [&hellip;]<\/p>\n","protected":false},"author":1,"featured_media":0,"parent":0,"menu_order":0,"comment_status":"closed","ping_status":"closed","template":"elementor_header_footer","meta":{"footnotes":""},"class_list":["post-4244","page","type-page","status-publish","hentry"],"blocksy_meta":[],"yoast_head":"<!-- This site is optimized with the Yoast SEO plugin v27.0 - https:\/\/yoast.com\/product\/yoast-seo-wordpress\/ -->\n<title>IoT \/ LoRa-Beratung - Mutelcor<\/title>\n<meta name=\"robots\" content=\"index, follow, max-snippet:-1, max-image-preview:large, max-video-preview:-1\" \/>\n<link rel=\"canonical\" href=\"https:\/\/mutelcor.com\/de\/iot-lora-consulting\/\" \/>\n<meta property=\"og:locale\" content=\"de_DE\" \/>\n<meta property=\"og:type\" content=\"article\" \/>\n<meta property=\"og:title\" content=\"IoT \/ LoRa-Beratung - Mutelcor\" \/>\n<meta property=\"og:description\" content=\"LoRa-Beratung und L\u00f6sungen LoRa-Beratung und L\u00f6sungen M\u00f6chten Sie ein drahtloses IoT-Netzwerk implementieren, das Daten von verschiedenen Sensoren und Ger\u00e4ten nahtlos verbinden und \u00fcbertragen kann? Die LoRaWAN-Technologie bietet eine robuste und kosteng\u00fcnstige L\u00f6sung f\u00fcr Unternehmen, die ihre Betriebsabl\u00e4ufe optimieren und das Kundenerlebnis verbessern m\u00f6chten. Bei Mutelcor sind wir auf Ende-zu-Ende-Beratung spezialisiert, um Ihr Unternehmen bei der [&hellip;]\" \/>\n<meta property=\"og:url\" content=\"https:\/\/mutelcor.com\/de\/iot-lora-consulting\/\" \/>\n<meta property=\"og:site_name\" content=\"Mutelcor\" \/>\n<meta property=\"article:publisher\" content=\"https:\/\/www.facebook.com\/mutelcor\" \/>\n<meta property=\"article:modified_time\" content=\"2025-03-07T11:03:58+00:00\" \/>\n<meta name=\"twitter:card\" content=\"summary_large_image\" \/>\n<meta name=\"twitter:label1\" content=\"Gesch\u00e4tzte Lesezeit\" \/>\n\t<meta name=\"twitter:data1\" content=\"3\u00a0Minuten\" \/>\n<script type=\"application\/ld+json\" class=\"yoast-schema-graph\">{\"@context\":\"https:\/\/schema.org\",\"@graph\":[{\"@type\":\"WebPage\",\"@id\":\"https:\/\/mutelcor.com\/de\/iot-lora-consulting\/\",\"url\":\"https:\/\/mutelcor.com\/de\/iot-lora-consulting\/\",\"name\":\"IoT \/ LoRa-Beratung - Mutelcor\",\"isPartOf\":{\"@id\":\"https:\/\/mutelcor.com\/de\/#website\"},\"datePublished\":\"2023-04-03T07:57:43+00:00\",\"dateModified\":\"2025-03-07T11:03:58+00:00\",\"breadcrumb\":{\"@id\":\"https:\/\/mutelcor.com\/de\/iot-lora-consulting\/#breadcrumb\"},\"inLanguage\":\"de\",\"potentialAction\":[{\"@type\":\"ReadAction\",\"target\":[\"https:\/\/mutelcor.com\/de\/iot-lora-consulting\/\"]}]},{\"@type\":\"BreadcrumbList\",\"@id\":\"https:\/\/mutelcor.com\/de\/iot-lora-consulting\/#breadcrumb\",\"itemListElement\":[{\"@type\":\"ListItem\",\"position\":1,\"name\":\"Home\",\"item\":\"https:\/\/mutelcor.com\/de\/\"},{\"@type\":\"ListItem\",\"position\":2,\"name\":\"IoT \/ LoRa-Beratung\"}]},{\"@type\":\"WebSite\",\"@id\":\"https:\/\/mutelcor.com\/de\/#website\",\"url\":\"https:\/\/mutelcor.com\/de\/\",\"name\":\"Mutelcor\",\"description\":\"\",\"publisher\":{\"@id\":\"https:\/\/mutelcor.com\/de\/#organization\"},\"potentialAction\":[{\"@type\":\"SearchAction\",\"target\":{\"@type\":\"EntryPoint\",\"urlTemplate\":\"https:\/\/mutelcor.com\/de\/?s={search_term_string}\"},\"query-input\":{\"@type\":\"PropertyValueSpecification\",\"valueRequired\":true,\"valueName\":\"search_term_string\"}}],\"inLanguage\":\"de\"},{\"@type\":\"Organization\",\"@id\":\"https:\/\/mutelcor.com\/de\/#organization\",\"name\":\"Mutelcor\",\"url\":\"https:\/\/mutelcor.com\/de\/\",\"logo\":{\"@type\":\"ImageObject\",\"inLanguage\":\"de\",\"@id\":\"https:\/\/mutelcor.com\/de\/#\/schema\/logo\/image\/\",\"url\":\"https:\/\/mutelcor.com\/de\/wp-content\/uploads\/2023\/06\/Logo_MutelCor_wo_text_334x54px.svg\",\"contentUrl\":\"https:\/\/mutelcor.com\/de\/wp-content\/uploads\/2023\/06\/Logo_MutelCor_wo_text_334x54px.svg\",\"width\":334,\"height\":54,\"caption\":\"Mutelcor\"},\"image\":{\"@id\":\"https:\/\/mutelcor.com\/de\/#\/schema\/logo\/image\/\"},\"sameAs\":[\"https:\/\/www.facebook.com\/mutelcor\",\"https:\/\/www.linkedin.com\/company\/mutelcor\"]}]}<\/script>\n<!-- \/ Yoast SEO plugin. -->","yoast_head_json":{"title":"IoT \/ LoRa-Beratung - Mutelcor","robots":{"index":"index","follow":"follow","max-snippet":"max-snippet:-1","max-image-preview":"max-image-preview:large","max-video-preview":"max-video-preview:-1"},"canonical":"https:\/\/mutelcor.com\/de\/iot-lora-consulting\/","og_locale":"de_DE","og_type":"article","og_title":"IoT \/ LoRa-Beratung - Mutelcor","og_description":"LoRa-Beratung und L\u00f6sungen LoRa-Beratung und L\u00f6sungen M\u00f6chten Sie ein drahtloses IoT-Netzwerk implementieren, das Daten von verschiedenen Sensoren und Ger\u00e4ten nahtlos verbinden und \u00fcbertragen kann? Die LoRaWAN-Technologie bietet eine robuste und kosteng\u00fcnstige L\u00f6sung f\u00fcr Unternehmen, die ihre Betriebsabl\u00e4ufe optimieren und das Kundenerlebnis verbessern m\u00f6chten. Bei Mutelcor sind wir auf Ende-zu-Ende-Beratung spezialisiert, um Ihr Unternehmen bei der [&hellip;]","og_url":"https:\/\/mutelcor.com\/de\/iot-lora-consulting\/","og_site_name":"Mutelcor","article_publisher":"https:\/\/www.facebook.com\/mutelcor","article_modified_time":"2025-03-07T11:03:58+00:00","twitter_card":"summary_large_image","twitter_misc":{"Gesch\u00e4tzte Lesezeit":"3\u00a0Minuten"},"schema":{"@context":"https:\/\/schema.org","@graph":[{"@type":"WebPage","@id":"https:\/\/mutelcor.com\/de\/iot-lora-consulting\/","url":"https:\/\/mutelcor.com\/de\/iot-lora-consulting\/","name":"IoT \/ LoRa-Beratung - Mutelcor","isPartOf":{"@id":"https:\/\/mutelcor.com\/de\/#website"},"datePublished":"2023-04-03T07:57:43+00:00","dateModified":"2025-03-07T11:03:58+00:00","breadcrumb":{"@id":"https:\/\/mutelcor.com\/de\/iot-lora-consulting\/#breadcrumb"},"inLanguage":"de","potentialAction":[{"@type":"ReadAction","target":["https:\/\/mutelcor.com\/de\/iot-lora-consulting\/"]}]},{"@type":"BreadcrumbList","@id":"https:\/\/mutelcor.com\/de\/iot-lora-consulting\/#breadcrumb","itemListElement":[{"@type":"ListItem","position":1,"name":"Home","item":"https:\/\/mutelcor.com\/de\/"},{"@type":"ListItem","position":2,"name":"IoT \/ LoRa-Beratung"}]},{"@type":"WebSite","@id":"https:\/\/mutelcor.com\/de\/#website","url":"https:\/\/mutelcor.com\/de\/","name":"Mutelcor","description":"","publisher":{"@id":"https:\/\/mutelcor.com\/de\/#organization"},"potentialAction":[{"@type":"SearchAction","target":{"@type":"EntryPoint","urlTemplate":"https:\/\/mutelcor.com\/de\/?s={search_term_string}"},"query-input":{"@type":"PropertyValueSpecification","valueRequired":true,"valueName":"search_term_string"}}],"inLanguage":"de"},{"@type":"Organization","@id":"https:\/\/mutelcor.com\/de\/#organization","name":"Mutelcor","url":"https:\/\/mutelcor.com\/de\/","logo":{"@type":"ImageObject","inLanguage":"de","@id":"https:\/\/mutelcor.com\/de\/#\/schema\/logo\/image\/","url":"https:\/\/mutelcor.com\/de\/wp-content\/uploads\/2023\/06\/Logo_MutelCor_wo_text_334x54px.svg","contentUrl":"https:\/\/mutelcor.com\/de\/wp-content\/uploads\/2023\/06\/Logo_MutelCor_wo_text_334x54px.svg","width":334,"height":54,"caption":"Mutelcor"},"image":{"@id":"https:\/\/mutelcor.com\/de\/#\/schema\/logo\/image\/"},"sameAs":["https:\/\/www.facebook.com\/mutelcor","https:\/\/www.linkedin.com\/company\/mutelcor"]}]}},"_links":{"self":[{"href":"https:\/\/mutelcor.com\/de\/wp-json\/wp\/v2\/pages\/4244","targetHints":{"allow":["GET"]}}],"collection":[{"href":"https:\/\/mutelcor.com\/de\/wp-json\/wp\/v2\/pages"}],"about":[{"href":"https:\/\/mutelcor.com\/de\/wp-json\/wp\/v2\/types\/page"}],"author":[{"embeddable":true,"href":"https:\/\/mutelcor.com\/de\/wp-json\/wp\/v2\/users\/1"}],"replies":[{"embeddable":true,"href":"https:\/\/mutelcor.com\/de\/wp-json\/wp\/v2\/comments?post=4244"}],"version-history":[{"count":113,"href":"https:\/\/mutelcor.com\/de\/wp-json\/wp\/v2\/pages\/4244\/revisions"}],"predecessor-version":[{"id":7960,"href":"https:\/\/mutelcor.com\/de\/wp-json\/wp\/v2\/pages\/4244\/revisions\/7960"}],"wp:attachment":[{"href":"https:\/\/mutelcor.com\/de\/wp-json\/wp\/v2\/media?parent=4244"}],"curies":[{"name":"wp","href":"https:\/\/api.w.org\/{rel}","templated":true}]}}