{"id":7175,"date":"2023-07-07T07:28:41","date_gmt":"2023-07-07T07:28:41","guid":{"rendered":"https:\/\/mutelcor.com\/de\/?page_id=7175"},"modified":"2023-07-07T07:30:40","modified_gmt":"2023-07-07T07:30:40","slug":"agb","status":"publish","type":"page","link":"https:\/\/mutelcor.com\/de\/agb\/","title":{"rendered":"AGB"},"content":{"rendered":"\t\t<div data-elementor-type=\"wp-page\" data-elementor-id=\"7175\" class=\"elementor elementor-7175\">\n\t\t\t\t\t\t<section class=\"elementor-section elementor-top-section elementor-element elementor-element-2c369346 elementor-section-full_width elementor-section-height-min-height elementor-section-items-stretch ct-section-stretched elementor-section-height-default\" data-id=\"2c369346\" data-element_type=\"section\" data-e-type=\"section\" data-settings=\"{&quot;background_background&quot;:&quot;classic&quot;}\">\n\t\t\t\t\t\t\t<div class=\"elementor-background-overlay\"><\/div>\n\t\t\t\t\t\t\t<div class=\"elementor-container elementor-column-gap-default\">\n\t\t\t\t\t<div class=\"elementor-column elementor-col-100 elementor-top-column elementor-element elementor-element-3b290a48\" data-id=\"3b290a48\" data-element_type=\"column\" data-e-type=\"column\">\n\t\t\t<div class=\"elementor-widget-wrap elementor-element-populated\">\n\t\t\t\t\t\t<div class=\"elementor-element elementor-element-40ad2dfd elementor-invisible elementor-widget elementor-widget-heading\" data-id=\"40ad2dfd\" data-element_type=\"widget\" data-e-type=\"widget\" data-settings=\"{&quot;_animation&quot;:&quot;fadeInDown&quot;}\" data-widget_type=\"heading.default\">\n\t\t\t\t<div class=\"elementor-widget-container\">\n\t\t\t\t\t<h1 class=\"elementor-heading-title elementor-size-default\">AGB<\/h1>\t\t\t\t<\/div>\n\t\t\t\t<\/div>\n\t\t\t\t\t<\/div>\n\t\t<\/div>\n\t\t\t\t\t<\/div>\n\t\t<\/section>\n\t\t\t\t<section class=\"elementor-section elementor-top-section elementor-element elementor-element-230edf5f elementor-section-boxed elementor-section-height-default elementor-section-height-default\" data-id=\"230edf5f\" data-element_type=\"section\" data-e-type=\"section\">\n\t\t\t\t\t\t<div class=\"elementor-container elementor-column-gap-default\">\n\t\t\t\t\t<div class=\"elementor-column elementor-col-100 elementor-top-column elementor-element elementor-element-2fe8deab\" data-id=\"2fe8deab\" data-element_type=\"column\" data-e-type=\"column\">\n\t\t\t<div class=\"elementor-widget-wrap elementor-element-populated\">\n\t\t\t\t\t\t<div class=\"elementor-element elementor-element-44e4feac elementor-widget elementor-widget-text-editor\" data-id=\"44e4feac\" data-element_type=\"widget\" data-e-type=\"widget\" data-widget_type=\"text-editor.default\">\n\t\t\t\t<div class=\"elementor-widget-container\">\n\t\t\t\t\t\t\t\t\t<p><b>Mutelcor GmbH, An der Bastei 42a, 47259 Duisburg<\/b><\/p><p>\n<b>\u00a7 1 Geltungsbereich<\/b><\/p>\n<ol>\n<li>Diese Gesch\u00e4ftsbedingungen gelten ausschlie\u00dflich gegen\u00fcber Unternehmern, juristischen Personen des \u00f6ffentlichen Rechts oder \u00f6ffentlich-rechtlichen Sonderverm\u00f6gen im Sinne von \u00a7 310 Absatz 1 BGB. Entgegenstehende oder von unseren Gesch\u00e4ftsbedingungen abweichende allgemeine Gesch\u00e4ftsbedingungen des Bestellers werden nur Vertragsgegenstand, wenn wir ausdr\u00fccklich schriftlich der Geltung zustimmen.<\/li>\n<li>Diese Gesch\u00e4ftsbedingungen gelten auch f\u00fcr alle zuk\u00fcnftigen Gesch\u00e4fte der Parteien, soweit es sich um Rechtsgesch\u00e4fte gleicher oder \u00e4hnlicher Art handelt.<\/li>\n<li>Nebenabreden, Erg\u00e4nzungen und \u00c4nderungen bed\u00fcrfen der Schriftform. Dies gilt auch f\u00fcr eine Aufhebung, \u00c4nderung oder den Verzicht auf dieses Schriftformerfordernis.<\/li>\n<\/ol>\n<p><b>\u00a7 2 \u00dcberlassene Unterlagen<\/b><\/p><p>\nAn allen in Zusammenhang mit der Auftragserteilung dem Besteller \u00fcberlassenen Unterlagen \u2013 auch in elektronischer Form \u2013, wie z. B. Kalkulationen, Zeichnungen etc., behalten wir uns Eigentums- und Urheberrechte vor. Diese Unterlagen d\u00fcrfen Dritten nicht zug\u00e4nglich gemacht werden, es sei denn, wir erteilen dazu dem Besteller unsere ausdr\u00fcckliche schriftliche Zustimmung. Soweit wir das Angebot des Bestellers nicht annehmen, sind diese Unterlagen uns unverz\u00fcglich zur\u00fcckzusenden.<\/p><p>\n<b>\u00a7 3 Preise und Zahlung<\/b><\/p>\n<ol>\n<li>Unsere Preise gelten ab Lager ausschlie\u00dflich der gesondert ausgewiesenen Verpackungskosten und zuz\u00fcglich Mehrwertsteuer in jeweils g\u00fcltiger H\u00f6he.<\/li>\n<li>Sofern nichts anderes vereinbart wird, erfolgt die Bezahlung per Vorkasse auf unser angegebenes Bankkonto.<\/li>\n<\/ol>\n<p><b><strong>\u00a7 4 Lieferzeit<\/strong><\/b><\/p>\n<ol>\n<li>Der Beginn der von uns angegebenen Lieferzeit setzt die rechtzeitige und ordnungsgem\u00e4\u00dfe Erf\u00fcllung der Verpflichtungen des Bestellers voraus.<\/li>\n<li>Kommt der Besteller in Annahmeverzug oder verletzt er schuldhaft sonstige Mitwirkungspflichten, sind wir berechtigt, den uns insoweit entstehenden Schaden, einschlie\u00dflich etwaiger Mehraufwendungen ersetzt zu verlangen. Die Gefahr des zuf\u00e4lligen Untergangs oder einer zuf\u00e4lligen Verschlechterung der zu liefernden Sache geht in dem Zeitpunkt auf den Besteller \u00fcber, in dem dieser in Annahme- oder Schuldnerverzug geraten ist.<\/li>\n<li>In allen F\u00e4llen bleiben weitere gesetzliche Anspr\u00fcche und Rechte der Parteien unber\u00fchrt.<\/li>\n<\/ol>\n<p><b><strong>\u00a7 5 Gefahr\u00fcbergang bei Versendung<\/strong><\/b><\/p><p>\nWird die Ware an den Besteller versandt, geht mit der Absendung an den Besteller, sp\u00e4testens mit Verlassen des Lagers die Gefahr des zuf\u00e4lligen Untergangs oder der zuf\u00e4lligen Verschlechterung der Ware auf den Besteller \u00fcber. Dies gilt unabh\u00e4ngig davon, ob die Versendung der Ware vom Erf\u00fcllungsort erfolgt oder wer die Frachtkosten tr\u00e4gt.<\/p>\n<p><strong>\u00a7 6 Eigentumsvorbehalt<\/strong><\/p>\n<ol>\n<li>Wir behalten uns das Eigentum an der gelieferten Sache bis zur vollst\u00e4ndigen Zahlung s\u00e4mtlicher Forderungen aus dem Liefervertrag vor. Dies gilt auch f\u00fcr alle zuk\u00fcnftigen Lieferungen.<\/li>\n<li>Der Besteller ist verpflichtet, solange das Eigentum noch nicht auf ihn \u00fcbergegangen ist, die Kaufsache pfleglich zu behandeln. Insbesondere ist er verpflichtet, diese auf eigene Kosten gegen Diebstahl-, Feuer- und Wassersch\u00e4den ausreichend zum Neuwert zu versichern. M\u00fcssen Wartungs- und Inspektionsarbeiten durchgef\u00fchrt werden, hat der Besteller diese auf eigene Kosten rechtzeitig auszuf\u00fchren. Solange das Eigentum noch nicht \u00fcbergegangen ist, hat uns der Besteller unverz\u00fcglich schriftlich zu benachrichtigen, wenn der gelieferte Gegenstand gepf\u00e4ndet oder sonstigen Eingriffen Dritter ausgesetzt ist. Soweit der Dritte nicht in der Lage ist, uns die gerichtlichen und au\u00dfergerichtlichen Kosten einer Klage gem\u00e4\u00df \u00a7 771 ZPO zu erstatten, haftet der Besteller f\u00fcr den uns entstandenen Ausfall.<\/li>\n<li>Der Besteller ist zur Weiterver\u00e4u\u00dferung der Vorbehaltsware im normalen Gesch\u00e4ftsverkehr berechtigt. Die Forderungen gegen\u00fcber dem Abnehmer aus der Weiterver\u00e4u\u00dferung der Vorbehaltsware tritt der Besteller schon jetzt an uns in H\u00f6he des mit uns vereinbarten Rechnungsbetrages (einschlie\u00dflich Mehrwertsteuer) ab. Diese Abtretung gilt unabh\u00e4ngig davon, ob die Kaufsache ohne oder nach Verarbeitung weiterverkauft worden ist. Der Besteller bleibt zur Einziehung der Forderung auch nach der Abtretung erm\u00e4chtigt. Unsere Befugnis, die Forderung selbst einzuziehen, bleibt davon unber\u00fchrt. Wir werden jedoch die Forderung nicht einziehen, solange der Besteller seinen Zahlungsverpflichtungen aus dem zugrundeliegenden Vertrag gegen\u00fcber Mutelcor nachkommt, kein Antrag auf Er\u00f6ffnung eines Insolvenzverfahrens gestellt ist oder Zahlungseinstellung vorliegt.<\/li>\n<li>Die Be- und Verarbeitung oder Umbildung der Kaufsache durch den Besteller erfolgt stets Namens und im Auftrag f\u00fcr uns. In diesem Fall setzt sich das Anwartschaftsrecht des Bestellers an der Kaufsache an der umgebildeten Sache fort. Sofern die Kaufsache mit anderen, uns nicht geh\u00f6renden Gegenst\u00e4nden verarbeitet wird, erwerben wir das Miteigentum an der neuen Sache im Verh\u00e4ltnis des objektiven Wertes unserer Kaufsache zu den anderen bearbeiteten Gegenst\u00e4nden zur Zeit der Verarbeitung. Dasselbe gilt f\u00fcr den Fall der Vermischung. Sofern die Vermischung in der Weise erfolgt, dass die Sache des Bestellers als Hauptsache anzusehen ist, gilt als vereinbart, dass der Besteller uns anteilm\u00e4\u00dfig Miteigentum \u00fcbertr\u00e4gt und das so entstandene Alleineigentum oder Miteigentum f\u00fcr uns verwahrt. Zur Sicherung unserer Forderungen gegen den Besteller tritt der Besteller auch solche Forderungen an uns ab, die ihm durch die Verbindung der Vorbehaltsware mit einem Grundst\u00fcck gegen einen Dritten erwachsen; wir nehmen diese Abtretung schon jetzt an.<\/li>\n<li>Wir verpflichten uns, die uns zustehenden Sicherheiten auf Verlangen des Bestellers freizugeben, soweit ihr Wert die zu sichernden Forderungen um mehr als 20% \u00fcbersteigt.<\/li>\n<\/ol>\n<p><b><strong>\u00a7 7 Gew\u00e4hrleistung<\/strong><\/b><\/p>\n<ol>\n<li>Die Gew\u00e4hrleistungsfrist betr\u00e4gt ein Jahr ab Ablieferung der Ware, bei Werkvertr\u00e4gen ab Abnahme.<\/li>\n<li>Die M\u00e4ngelanspr\u00fcche des K\u00e4ufers bzw. Bestellers in anderen F\u00e4llen verj\u00e4hren in 12 Monaten nach Ablieferung oder bei Vorliegen eines Werk- oder sonstigen Vertrages mit Abnahme. F\u00fcr Schadensersatzanspr\u00fcche bei Vorsatz und grober Fahrl\u00e4ssigkeit sowie bei Verletzung von Leben, K\u00f6rper und Gesundheit, die auf einer vors\u00e4tzlichen oder fahrl\u00e4ssigen Pflichtverletzung des Verwenders beruhen, gilt die gesetzliche Verj\u00e4hrungsfrist. Soweit das Gesetz gem\u00e4\u00df \u00a7 438 Abs. 1 Nr. 2 BGB (Bauwerke und Sachen f\u00fcr Bauwerke), \u00a7 445 b BGB (R\u00fcckgriffsanspruch) und \u00a7 634a Absatz 1 BGB (Baum\u00e4ngel) l\u00e4ngere Fristen zwingend vorschreibt, gelten diese Fristen.<\/li>\n<li>Sollte trotz aller aufgewendeter Sorgfalt die Ware einen Mangel aufweisen, der bereits zum Zeitpunkt des Gefahr\u00fcbergangs vorlag und gew\u00e4hrleistungspflichtig ist, werden wir die Ware nach unserer Wahl nachbessern oder Ersatzware liefern.<\/li>\n<li>Schl\u00e4gt die Nacherf\u00fcllung fehl, kann der Besteller \u2013 unbeschadet etwaiger Schadensersatzanspr\u00fcche \u2013 vom Vertrag zur\u00fccktreten oder die Verg\u00fctung mindern.<\/li>\n<li>Werden vom Besteller oder Dritten unsachgem\u00e4\u00df Instandsetzungsarbeiten oder \u00c4nderungen an der Ware vorgenommen, so entfallen f\u00fcr diese und die daraus entstehenden Folgen alle Sachm\u00e4ngelanspr\u00fcche.<\/li>\n<li>Anspr\u00fcche des Bestellers wegen der zum Zweck der Nacherf\u00fcllung erforderlichen Aufwendungen, insbesondere Transport-, Wege-, Arbeits- und Materialkosten, sind ausgeschlossen, soweit die Aufwendungen sich erh\u00f6hen, weil die von uns gelieferte Ware nachtr\u00e4glich an einen anderen Ort als die Niederlassung des Bestellers verbracht worden ist, es sei denn, die Verbringung entspricht ihrem bestimmungsgem\u00e4\u00dfen Gebrauch.<\/li>\n<li>R\u00fcckgriffsanspr\u00fcche des Bestellers gegen uns aus der Weiterver\u00e4u\u00dferung der Ware an einen Abnehmer bestehen nur insoweit, als der Besteller mit seinem Abnehmer keine \u00fcber die gesetzlich zwingenden M\u00e4ngelanspr\u00fcche hinausgehenden Vereinbarungen getroffen hat. Au\u00dferdem muss die Weiterver\u00e4u\u00dferung \u00a7 6 Abs. 3 dieser AGB entsprochen haben. F\u00fcr den Umfang des R\u00fcckgriffsanspruches des Bestellers gegen den Lieferer gilt ferner Absatz 6 entsprechend.<\/li>\n<\/ol>\n<p><b><strong>\u00a7 8 Sonstiges<\/strong><\/b><\/p>\n<ol>\n<li>Dieser Vertrag und die Rechtsbeziehungen der Parteien unterliegen dem Recht der Bundesrepublik Deutschland unter Ausschluss des UN-Kaufrechts (CISG).<\/li>\n<li>Erf\u00fcllungsort und ausschlie\u00dflicher Gerichtsstand f\u00fcr alle Streitigkeiten aus diesem Vertrag mit Kaufleuten ist unser Gesch\u00e4ftssitz.<\/li>\n<li>Alle Vereinbarungen, die zwischen den Parteien zwecks Ausf\u00fchrung dieses Vertrages getroffen werden, sind in diesem Vertrag schriftlich niedergelegt. M\u00fcndliche Nebenabreden bestehen nicht.<\/li>\n<\/ol>\t\t\t\t\t\t\t\t<\/div>\n\t\t\t\t<\/div>\n\t\t\t\t\t<\/div>\n\t\t<\/div>\n\t\t\t\t\t<\/div>\n\t\t<\/section>\n\t\t\t\t<\/div>\n\t\t","protected":false},"excerpt":{"rendered":"<p>AGB Mutelcor GmbH, An der Bastei 42a, 47259 Duisburg \u00a7 1 Geltungsbereich Diese Gesch\u00e4ftsbedingungen gelten ausschlie\u00dflich gegen\u00fcber Unternehmern, juristischen Personen des \u00f6ffentlichen Rechts oder \u00f6ffentlich-rechtlichen Sonderverm\u00f6gen im Sinne von \u00a7 310 Absatz 1 BGB. Entgegenstehende oder von unseren Gesch\u00e4ftsbedingungen abweichende allgemeine Gesch\u00e4ftsbedingungen des Bestellers werden nur Vertragsgegenstand, wenn wir ausdr\u00fccklich schriftlich der Geltung zustimmen. Diese [&hellip;]<\/p>\n","protected":false},"author":1,"featured_media":0,"parent":0,"menu_order":0,"comment_status":"closed","ping_status":"closed","template":"","meta":{"footnotes":""},"class_list":["post-7175","page","type-page","status-publish","hentry"],"blocksy_meta":[],"yoast_head":"<!-- This site is optimized with the Yoast SEO plugin v27.3 - https:\/\/yoast.com\/product\/yoast-seo-wordpress\/ -->\n<title>AGB - Mutelcor<\/title>\n<meta name=\"robots\" content=\"index, follow, max-snippet:-1, max-image-preview:large, max-video-preview:-1\" \/>\n<link rel=\"canonical\" href=\"https:\/\/mutelcor.com\/de\/agb\/\" \/>\n<meta property=\"og:locale\" content=\"de_DE\" \/>\n<meta property=\"og:type\" content=\"article\" \/>\n<meta property=\"og:title\" content=\"AGB - Mutelcor\" \/>\n<meta property=\"og:description\" content=\"AGB Mutelcor GmbH, An der Bastei 42a, 47259 Duisburg \u00a7 1 Geltungsbereich Diese Gesch\u00e4ftsbedingungen gelten ausschlie\u00dflich gegen\u00fcber Unternehmern, juristischen Personen des \u00f6ffentlichen Rechts oder \u00f6ffentlich-rechtlichen Sonderverm\u00f6gen im Sinne von \u00a7 310 Absatz 1 BGB. Entgegenstehende oder von unseren Gesch\u00e4ftsbedingungen abweichende allgemeine Gesch\u00e4ftsbedingungen des Bestellers werden nur Vertragsgegenstand, wenn wir ausdr\u00fccklich schriftlich der Geltung zustimmen. Diese [&hellip;]\" \/>\n<meta property=\"og:url\" content=\"https:\/\/mutelcor.com\/de\/agb\/\" \/>\n<meta property=\"og:site_name\" content=\"Mutelcor\" \/>\n<meta property=\"article:publisher\" content=\"https:\/\/www.facebook.com\/mutelcor\" \/>\n<meta property=\"article:modified_time\" content=\"2023-07-07T07:30:40+00:00\" \/>\n<meta name=\"twitter:card\" content=\"summary_large_image\" \/>\n<meta name=\"twitter:label1\" content=\"Gesch\u00e4tzte Lesezeit\" \/>\n\t<meta name=\"twitter:data1\" content=\"6\u00a0Minuten\" \/>\n<script type=\"application\/ld+json\" class=\"yoast-schema-graph\">{\"@context\":\"https:\\\/\\\/schema.org\",\"@graph\":[{\"@type\":\"WebPage\",\"@id\":\"https:\\\/\\\/mutelcor.com\\\/de\\\/agb\\\/\",\"url\":\"https:\\\/\\\/mutelcor.com\\\/de\\\/agb\\\/\",\"name\":\"AGB - Mutelcor\",\"isPartOf\":{\"@id\":\"https:\\\/\\\/mutelcor.com\\\/de\\\/#website\"},\"datePublished\":\"2023-07-07T07:28:41+00:00\",\"dateModified\":\"2023-07-07T07:30:40+00:00\",\"breadcrumb\":{\"@id\":\"https:\\\/\\\/mutelcor.com\\\/de\\\/agb\\\/#breadcrumb\"},\"inLanguage\":\"de\",\"potentialAction\":[{\"@type\":\"ReadAction\",\"target\":[\"https:\\\/\\\/mutelcor.com\\\/de\\\/agb\\\/\"]}]},{\"@type\":\"BreadcrumbList\",\"@id\":\"https:\\\/\\\/mutelcor.com\\\/de\\\/agb\\\/#breadcrumb\",\"itemListElement\":[{\"@type\":\"ListItem\",\"position\":1,\"name\":\"Home\",\"item\":\"https:\\\/\\\/mutelcor.com\\\/de\\\/\"},{\"@type\":\"ListItem\",\"position\":2,\"name\":\"AGB\"}]},{\"@type\":\"WebSite\",\"@id\":\"https:\\\/\\\/mutelcor.com\\\/de\\\/#website\",\"url\":\"https:\\\/\\\/mutelcor.com\\\/de\\\/\",\"name\":\"Mutelcor\",\"description\":\"\",\"publisher\":{\"@id\":\"https:\\\/\\\/mutelcor.com\\\/de\\\/#organization\"},\"potentialAction\":[{\"@type\":\"SearchAction\",\"target\":{\"@type\":\"EntryPoint\",\"urlTemplate\":\"https:\\\/\\\/mutelcor.com\\\/de\\\/?s={search_term_string}\"},\"query-input\":{\"@type\":\"PropertyValueSpecification\",\"valueRequired\":true,\"valueName\":\"search_term_string\"}}],\"inLanguage\":\"de\"},{\"@type\":\"Organization\",\"@id\":\"https:\\\/\\\/mutelcor.com\\\/de\\\/#organization\",\"name\":\"Mutelcor\",\"url\":\"https:\\\/\\\/mutelcor.com\\\/de\\\/\",\"logo\":{\"@type\":\"ImageObject\",\"inLanguage\":\"de\",\"@id\":\"https:\\\/\\\/mutelcor.com\\\/de\\\/#\\\/schema\\\/logo\\\/image\\\/\",\"url\":\"https:\\\/\\\/mutelcor.com\\\/de\\\/wp-content\\\/uploads\\\/2023\\\/06\\\/Logo_MutelCor_wo_text_334x54px.svg\",\"contentUrl\":\"https:\\\/\\\/mutelcor.com\\\/de\\\/wp-content\\\/uploads\\\/2023\\\/06\\\/Logo_MutelCor_wo_text_334x54px.svg\",\"width\":334,\"height\":54,\"caption\":\"Mutelcor\"},\"image\":{\"@id\":\"https:\\\/\\\/mutelcor.com\\\/de\\\/#\\\/schema\\\/logo\\\/image\\\/\"},\"sameAs\":[\"https:\\\/\\\/www.facebook.com\\\/mutelcor\",\"https:\\\/\\\/www.linkedin.com\\\/company\\\/mutelcor\"]}]}<\/script>\n<!-- \/ Yoast SEO plugin. -->","yoast_head_json":{"title":"AGB - Mutelcor","robots":{"index":"index","follow":"follow","max-snippet":"max-snippet:-1","max-image-preview":"max-image-preview:large","max-video-preview":"max-video-preview:-1"},"canonical":"https:\/\/mutelcor.com\/de\/agb\/","og_locale":"de_DE","og_type":"article","og_title":"AGB - Mutelcor","og_description":"AGB Mutelcor GmbH, An der Bastei 42a, 47259 Duisburg \u00a7 1 Geltungsbereich Diese Gesch\u00e4ftsbedingungen gelten ausschlie\u00dflich gegen\u00fcber Unternehmern, juristischen Personen des \u00f6ffentlichen Rechts oder \u00f6ffentlich-rechtlichen Sonderverm\u00f6gen im Sinne von \u00a7 310 Absatz 1 BGB. Entgegenstehende oder von unseren Gesch\u00e4ftsbedingungen abweichende allgemeine Gesch\u00e4ftsbedingungen des Bestellers werden nur Vertragsgegenstand, wenn wir ausdr\u00fccklich schriftlich der Geltung zustimmen. Diese [&hellip;]","og_url":"https:\/\/mutelcor.com\/de\/agb\/","og_site_name":"Mutelcor","article_publisher":"https:\/\/www.facebook.com\/mutelcor","article_modified_time":"2023-07-07T07:30:40+00:00","twitter_card":"summary_large_image","twitter_misc":{"Gesch\u00e4tzte Lesezeit":"6\u00a0Minuten"},"schema":{"@context":"https:\/\/schema.org","@graph":[{"@type":"WebPage","@id":"https:\/\/mutelcor.com\/de\/agb\/","url":"https:\/\/mutelcor.com\/de\/agb\/","name":"AGB - Mutelcor","isPartOf":{"@id":"https:\/\/mutelcor.com\/de\/#website"},"datePublished":"2023-07-07T07:28:41+00:00","dateModified":"2023-07-07T07:30:40+00:00","breadcrumb":{"@id":"https:\/\/mutelcor.com\/de\/agb\/#breadcrumb"},"inLanguage":"de","potentialAction":[{"@type":"ReadAction","target":["https:\/\/mutelcor.com\/de\/agb\/"]}]},{"@type":"BreadcrumbList","@id":"https:\/\/mutelcor.com\/de\/agb\/#breadcrumb","itemListElement":[{"@type":"ListItem","position":1,"name":"Home","item":"https:\/\/mutelcor.com\/de\/"},{"@type":"ListItem","position":2,"name":"AGB"}]},{"@type":"WebSite","@id":"https:\/\/mutelcor.com\/de\/#website","url":"https:\/\/mutelcor.com\/de\/","name":"Mutelcor","description":"","publisher":{"@id":"https:\/\/mutelcor.com\/de\/#organization"},"potentialAction":[{"@type":"SearchAction","target":{"@type":"EntryPoint","urlTemplate":"https:\/\/mutelcor.com\/de\/?s={search_term_string}"},"query-input":{"@type":"PropertyValueSpecification","valueRequired":true,"valueName":"search_term_string"}}],"inLanguage":"de"},{"@type":"Organization","@id":"https:\/\/mutelcor.com\/de\/#organization","name":"Mutelcor","url":"https:\/\/mutelcor.com\/de\/","logo":{"@type":"ImageObject","inLanguage":"de","@id":"https:\/\/mutelcor.com\/de\/#\/schema\/logo\/image\/","url":"https:\/\/mutelcor.com\/de\/wp-content\/uploads\/2023\/06\/Logo_MutelCor_wo_text_334x54px.svg","contentUrl":"https:\/\/mutelcor.com\/de\/wp-content\/uploads\/2023\/06\/Logo_MutelCor_wo_text_334x54px.svg","width":334,"height":54,"caption":"Mutelcor"},"image":{"@id":"https:\/\/mutelcor.com\/de\/#\/schema\/logo\/image\/"},"sameAs":["https:\/\/www.facebook.com\/mutelcor","https:\/\/www.linkedin.com\/company\/mutelcor"]}]}},"_links":{"self":[{"href":"https:\/\/mutelcor.com\/de\/wp-json\/wp\/v2\/pages\/7175","targetHints":{"allow":["GET"]}}],"collection":[{"href":"https:\/\/mutelcor.com\/de\/wp-json\/wp\/v2\/pages"}],"about":[{"href":"https:\/\/mutelcor.com\/de\/wp-json\/wp\/v2\/types\/page"}],"author":[{"embeddable":true,"href":"https:\/\/mutelcor.com\/de\/wp-json\/wp\/v2\/users\/1"}],"replies":[{"embeddable":true,"href":"https:\/\/mutelcor.com\/de\/wp-json\/wp\/v2\/comments?post=7175"}],"version-history":[{"count":7,"href":"https:\/\/mutelcor.com\/de\/wp-json\/wp\/v2\/pages\/7175\/revisions"}],"predecessor-version":[{"id":7183,"href":"https:\/\/mutelcor.com\/de\/wp-json\/wp\/v2\/pages\/7175\/revisions\/7183"}],"wp:attachment":[{"href":"https:\/\/mutelcor.com\/de\/wp-json\/wp\/v2\/media?parent=7175"}],"curies":[{"name":"wp","href":"https:\/\/api.w.org\/{rel}","templated":true}]}}