{"id":7197,"date":"2023-07-07T07:34:35","date_gmt":"2023-07-07T07:34:35","guid":{"rendered":"https:\/\/mutelcor.com\/de\/?page_id=7197"},"modified":"2023-08-24T09:59:56","modified_gmt":"2023-08-24T09:59:56","slug":"umwelt-entsorgung","status":"publish","type":"page","link":"https:\/\/mutelcor.com\/de\/umwelt-entsorgung\/","title":{"rendered":"Umwelt &#038; Entsorgung"},"content":{"rendered":"\t\t<div data-elementor-type=\"wp-page\" data-elementor-id=\"7197\" class=\"elementor elementor-7197\">\n\t\t\t\t\t\t<section class=\"elementor-section elementor-top-section elementor-element elementor-element-4ef38b3c elementor-section-full_width elementor-section-height-min-height elementor-section-items-stretch ct-section-stretched elementor-section-height-default\" data-id=\"4ef38b3c\" data-element_type=\"section\" data-e-type=\"section\" data-settings=\"{&quot;background_background&quot;:&quot;classic&quot;}\">\n\t\t\t\t\t\t\t<div class=\"elementor-background-overlay\"><\/div>\n\t\t\t\t\t\t\t<div class=\"elementor-container elementor-column-gap-default\">\n\t\t\t\t\t<div class=\"elementor-column elementor-col-100 elementor-top-column elementor-element elementor-element-35951570\" data-id=\"35951570\" data-element_type=\"column\" data-e-type=\"column\">\n\t\t\t<div class=\"elementor-widget-wrap elementor-element-populated\">\n\t\t\t\t\t\t<div class=\"elementor-element elementor-element-4e93c518 elementor-invisible elementor-widget elementor-widget-heading\" data-id=\"4e93c518\" data-element_type=\"widget\" data-e-type=\"widget\" data-settings=\"{&quot;_animation&quot;:&quot;fadeInDown&quot;}\" data-widget_type=\"heading.default\">\n\t\t\t\t<div class=\"elementor-widget-container\">\n\t\t\t\t\t<h1 class=\"elementor-heading-title elementor-size-default\">Umwelt &amp; Entsorgung<\/h1>\t\t\t\t<\/div>\n\t\t\t\t<\/div>\n\t\t\t\t\t<\/div>\n\t\t<\/div>\n\t\t\t\t\t<\/div>\n\t\t<\/section>\n\t\t\t\t<section class=\"elementor-section elementor-top-section elementor-element elementor-element-48c21500 elementor-section-boxed elementor-section-height-default elementor-section-height-default\" data-id=\"48c21500\" data-element_type=\"section\" data-e-type=\"section\">\n\t\t\t\t\t\t<div class=\"elementor-container elementor-column-gap-default\">\n\t\t\t\t\t<div class=\"elementor-column elementor-col-100 elementor-top-column elementor-element elementor-element-35fb1a40\" data-id=\"35fb1a40\" data-element_type=\"column\" data-e-type=\"column\">\n\t\t\t<div class=\"elementor-widget-wrap elementor-element-populated\">\n\t\t\t\t\t\t<div class=\"elementor-element elementor-element-3ea461 elementor-widget elementor-widget-text-editor\" data-id=\"3ea461\" data-element_type=\"widget\" data-e-type=\"widget\" data-widget_type=\"text-editor.default\">\n\t\t\t\t<div class=\"elementor-widget-container\">\n\t\t\t\t\t\t\t\t\t<p><strong>Informationen nach dem Elektrogesetz (ElektroG):<\/strong><\/p><ol><li>Wir sind seit dem 29.01.2021 bei der Stiftung Elektro-Altger\u00e4te-Register (EAR) als registrierter Hersteller unter der\u00a0<b>WEEE-Reg.-Nr. DE71445608<\/b>\u00a0gef\u00fchrt.<\/li><li>Unsere Produkte enthalten eine Leiterplatine mit elektronischen Bauelementen und geh\u00f6ren deshalb <b>nicht in den Hausm\u00fcll<\/b>.<\/li><li>Elektroger\u00e4te d\u00fcrfen nicht \u00fcber den Hausm\u00fcll entsorgt werden. Diese Ger\u00e4te sind durch die durchgestrichene M\u00fclltonne gekennzeichnet.<br \/><img decoding=\"async\" class=\"alignnone size-full wp-image-4484\" src=\"https:\/\/mutelcor.com\/de\/wp-content\/uploads\/2023\/08\/Muelltonne.webp\" alt=\"\" width=\"77\" height=\"96\" \/><\/li><li>Die Ger\u00e4te werden kostenfrei von St\u00e4dten und Gemeinden zur\u00fcckgenommen.<\/li><li>Die R\u00fccknahme erfolgt an Sammelstellen (z. B. Wertstoffh\u00f6fe, Sperrm\u00fcllabholung).<\/li><\/ol>\t\t\t\t\t\t\t\t<\/div>\n\t\t\t\t<\/div>\n\t\t\t\t\t<\/div>\n\t\t<\/div>\n\t\t\t\t\t<\/div>\n\t\t<\/section>\n\t\t\t\t<\/div>\n\t\t","protected":false},"excerpt":{"rendered":"<p>Umwelt &#038; Entsorgung Informationen nach dem Elektrogesetz (ElektroG): Wir sind seit dem 29.01.2021 bei der Stiftung Elektro-Altger\u00e4te-Register (EAR) als registrierter Hersteller unter der\u00a0WEEE-Reg.-Nr. DE71445608\u00a0gef\u00fchrt. Unsere Produkte enthalten eine Leiterplatine mit elektronischen Bauelementen und geh\u00f6ren deshalb nicht in den Hausm\u00fcll. Elektroger\u00e4te d\u00fcrfen nicht \u00fcber den Hausm\u00fcll entsorgt werden. Diese Ger\u00e4te sind durch die durchgestrichene M\u00fclltonne gekennzeichnet. [&hellip;]<\/p>\n","protected":false},"author":1,"featured_media":0,"parent":0,"menu_order":0,"comment_status":"closed","ping_status":"closed","template":"","meta":{"footnotes":""},"class_list":["post-7197","page","type-page","status-publish","hentry"],"blocksy_meta":[],"yoast_head":"<!-- This site is optimized with the Yoast SEO plugin v27.0 - https:\/\/yoast.com\/product\/yoast-seo-wordpress\/ -->\n<title>Umwelt &amp; Entsorgung - Mutelcor<\/title>\n<meta name=\"robots\" content=\"index, follow, max-snippet:-1, max-image-preview:large, max-video-preview:-1\" \/>\n<link rel=\"canonical\" href=\"https:\/\/mutelcor.com\/de\/umwelt-entsorgung\/\" \/>\n<meta property=\"og:locale\" content=\"de_DE\" \/>\n<meta property=\"og:type\" content=\"article\" \/>\n<meta property=\"og:title\" content=\"Umwelt &amp; Entsorgung - Mutelcor\" \/>\n<meta property=\"og:description\" content=\"Umwelt &#038; Entsorgung Informationen nach dem Elektrogesetz (ElektroG): Wir sind seit dem 29.01.2021 bei der Stiftung Elektro-Altger\u00e4te-Register (EAR) als registrierter Hersteller unter der\u00a0WEEE-Reg.-Nr. DE71445608\u00a0gef\u00fchrt. Unsere Produkte enthalten eine Leiterplatine mit elektronischen Bauelementen und geh\u00f6ren deshalb nicht in den Hausm\u00fcll. Elektroger\u00e4te d\u00fcrfen nicht \u00fcber den Hausm\u00fcll entsorgt werden. Diese Ger\u00e4te sind durch die durchgestrichene M\u00fclltonne gekennzeichnet. [&hellip;]\" \/>\n<meta property=\"og:url\" content=\"https:\/\/mutelcor.com\/de\/umwelt-entsorgung\/\" \/>\n<meta property=\"og:site_name\" content=\"Mutelcor\" \/>\n<meta property=\"article:publisher\" content=\"https:\/\/www.facebook.com\/mutelcor\" \/>\n<meta property=\"article:modified_time\" content=\"2023-08-24T09:59:56+00:00\" \/>\n<meta property=\"og:image\" content=\"https:\/\/mutelcor.com\/de\/wp-content\/uploads\/2023\/08\/Muelltonne.webp\" \/>\n<meta name=\"twitter:card\" content=\"summary_large_image\" \/>\n<script type=\"application\/ld+json\" class=\"yoast-schema-graph\">{\"@context\":\"https:\/\/schema.org\",\"@graph\":[{\"@type\":\"WebPage\",\"@id\":\"https:\/\/mutelcor.com\/de\/umwelt-entsorgung\/\",\"url\":\"https:\/\/mutelcor.com\/de\/umwelt-entsorgung\/\",\"name\":\"Umwelt & Entsorgung - Mutelcor\",\"isPartOf\":{\"@id\":\"https:\/\/mutelcor.com\/de\/#website\"},\"primaryImageOfPage\":{\"@id\":\"https:\/\/mutelcor.com\/de\/umwelt-entsorgung\/#primaryimage\"},\"image\":{\"@id\":\"https:\/\/mutelcor.com\/de\/umwelt-entsorgung\/#primaryimage\"},\"thumbnailUrl\":\"https:\/\/mutelcor.com\/de\/wp-content\/uploads\/2023\/08\/Muelltonne.webp\",\"datePublished\":\"2023-07-07T07:34:35+00:00\",\"dateModified\":\"2023-08-24T09:59:56+00:00\",\"breadcrumb\":{\"@id\":\"https:\/\/mutelcor.com\/de\/umwelt-entsorgung\/#breadcrumb\"},\"inLanguage\":\"de\",\"potentialAction\":[{\"@type\":\"ReadAction\",\"target\":[\"https:\/\/mutelcor.com\/de\/umwelt-entsorgung\/\"]}]},{\"@type\":\"ImageObject\",\"inLanguage\":\"de\",\"@id\":\"https:\/\/mutelcor.com\/de\/umwelt-entsorgung\/#primaryimage\",\"url\":\"\",\"contentUrl\":\"\"},{\"@type\":\"BreadcrumbList\",\"@id\":\"https:\/\/mutelcor.com\/de\/umwelt-entsorgung\/#breadcrumb\",\"itemListElement\":[{\"@type\":\"ListItem\",\"position\":1,\"name\":\"Home\",\"item\":\"https:\/\/mutelcor.com\/de\/\"},{\"@type\":\"ListItem\",\"position\":2,\"name\":\"Umwelt &#038; Entsorgung\"}]},{\"@type\":\"WebSite\",\"@id\":\"https:\/\/mutelcor.com\/de\/#website\",\"url\":\"https:\/\/mutelcor.com\/de\/\",\"name\":\"Mutelcor\",\"description\":\"\",\"publisher\":{\"@id\":\"https:\/\/mutelcor.com\/de\/#organization\"},\"potentialAction\":[{\"@type\":\"SearchAction\",\"target\":{\"@type\":\"EntryPoint\",\"urlTemplate\":\"https:\/\/mutelcor.com\/de\/?s={search_term_string}\"},\"query-input\":{\"@type\":\"PropertyValueSpecification\",\"valueRequired\":true,\"valueName\":\"search_term_string\"}}],\"inLanguage\":\"de\"},{\"@type\":\"Organization\",\"@id\":\"https:\/\/mutelcor.com\/de\/#organization\",\"name\":\"Mutelcor\",\"url\":\"https:\/\/mutelcor.com\/de\/\",\"logo\":{\"@type\":\"ImageObject\",\"inLanguage\":\"de\",\"@id\":\"https:\/\/mutelcor.com\/de\/#\/schema\/logo\/image\/\",\"url\":\"https:\/\/mutelcor.com\/de\/wp-content\/uploads\/2023\/06\/Logo_MutelCor_wo_text_334x54px.svg\",\"contentUrl\":\"https:\/\/mutelcor.com\/de\/wp-content\/uploads\/2023\/06\/Logo_MutelCor_wo_text_334x54px.svg\",\"width\":334,\"height\":54,\"caption\":\"Mutelcor\"},\"image\":{\"@id\":\"https:\/\/mutelcor.com\/de\/#\/schema\/logo\/image\/\"},\"sameAs\":[\"https:\/\/www.facebook.com\/mutelcor\",\"https:\/\/www.linkedin.com\/company\/mutelcor\"]}]}<\/script>\n<!-- \/ Yoast SEO plugin. -->","yoast_head_json":{"title":"Umwelt & Entsorgung - Mutelcor","robots":{"index":"index","follow":"follow","max-snippet":"max-snippet:-1","max-image-preview":"max-image-preview:large","max-video-preview":"max-video-preview:-1"},"canonical":"https:\/\/mutelcor.com\/de\/umwelt-entsorgung\/","og_locale":"de_DE","og_type":"article","og_title":"Umwelt & Entsorgung - Mutelcor","og_description":"Umwelt &#038; Entsorgung Informationen nach dem Elektrogesetz (ElektroG): Wir sind seit dem 29.01.2021 bei der Stiftung Elektro-Altger\u00e4te-Register (EAR) als registrierter Hersteller unter der\u00a0WEEE-Reg.-Nr. DE71445608\u00a0gef\u00fchrt. Unsere Produkte enthalten eine Leiterplatine mit elektronischen Bauelementen und geh\u00f6ren deshalb nicht in den Hausm\u00fcll. Elektroger\u00e4te d\u00fcrfen nicht \u00fcber den Hausm\u00fcll entsorgt werden. Diese Ger\u00e4te sind durch die durchgestrichene M\u00fclltonne gekennzeichnet. [&hellip;]","og_url":"https:\/\/mutelcor.com\/de\/umwelt-entsorgung\/","og_site_name":"Mutelcor","article_publisher":"https:\/\/www.facebook.com\/mutelcor","article_modified_time":"2023-08-24T09:59:56+00:00","og_image":[{"url":"https:\/\/mutelcor.com\/de\/wp-content\/uploads\/2023\/08\/Muelltonne.webp","type":"","width":"","height":""}],"twitter_card":"summary_large_image","schema":{"@context":"https:\/\/schema.org","@graph":[{"@type":"WebPage","@id":"https:\/\/mutelcor.com\/de\/umwelt-entsorgung\/","url":"https:\/\/mutelcor.com\/de\/umwelt-entsorgung\/","name":"Umwelt & Entsorgung - Mutelcor","isPartOf":{"@id":"https:\/\/mutelcor.com\/de\/#website"},"primaryImageOfPage":{"@id":"https:\/\/mutelcor.com\/de\/umwelt-entsorgung\/#primaryimage"},"image":{"@id":"https:\/\/mutelcor.com\/de\/umwelt-entsorgung\/#primaryimage"},"thumbnailUrl":"https:\/\/mutelcor.com\/de\/wp-content\/uploads\/2023\/08\/Muelltonne.webp","datePublished":"2023-07-07T07:34:35+00:00","dateModified":"2023-08-24T09:59:56+00:00","breadcrumb":{"@id":"https:\/\/mutelcor.com\/de\/umwelt-entsorgung\/#breadcrumb"},"inLanguage":"de","potentialAction":[{"@type":"ReadAction","target":["https:\/\/mutelcor.com\/de\/umwelt-entsorgung\/"]}]},{"@type":"ImageObject","inLanguage":"de","@id":"https:\/\/mutelcor.com\/de\/umwelt-entsorgung\/#primaryimage","url":"","contentUrl":""},{"@type":"BreadcrumbList","@id":"https:\/\/mutelcor.com\/de\/umwelt-entsorgung\/#breadcrumb","itemListElement":[{"@type":"ListItem","position":1,"name":"Home","item":"https:\/\/mutelcor.com\/de\/"},{"@type":"ListItem","position":2,"name":"Umwelt &#038; Entsorgung"}]},{"@type":"WebSite","@id":"https:\/\/mutelcor.com\/de\/#website","url":"https:\/\/mutelcor.com\/de\/","name":"Mutelcor","description":"","publisher":{"@id":"https:\/\/mutelcor.com\/de\/#organization"},"potentialAction":[{"@type":"SearchAction","target":{"@type":"EntryPoint","urlTemplate":"https:\/\/mutelcor.com\/de\/?s={search_term_string}"},"query-input":{"@type":"PropertyValueSpecification","valueRequired":true,"valueName":"search_term_string"}}],"inLanguage":"de"},{"@type":"Organization","@id":"https:\/\/mutelcor.com\/de\/#organization","name":"Mutelcor","url":"https:\/\/mutelcor.com\/de\/","logo":{"@type":"ImageObject","inLanguage":"de","@id":"https:\/\/mutelcor.com\/de\/#\/schema\/logo\/image\/","url":"https:\/\/mutelcor.com\/de\/wp-content\/uploads\/2023\/06\/Logo_MutelCor_wo_text_334x54px.svg","contentUrl":"https:\/\/mutelcor.com\/de\/wp-content\/uploads\/2023\/06\/Logo_MutelCor_wo_text_334x54px.svg","width":334,"height":54,"caption":"Mutelcor"},"image":{"@id":"https:\/\/mutelcor.com\/de\/#\/schema\/logo\/image\/"},"sameAs":["https:\/\/www.facebook.com\/mutelcor","https:\/\/www.linkedin.com\/company\/mutelcor"]}]}},"_links":{"self":[{"href":"https:\/\/mutelcor.com\/de\/wp-json\/wp\/v2\/pages\/7197","targetHints":{"allow":["GET"]}}],"collection":[{"href":"https:\/\/mutelcor.com\/de\/wp-json\/wp\/v2\/pages"}],"about":[{"href":"https:\/\/mutelcor.com\/de\/wp-json\/wp\/v2\/types\/page"}],"author":[{"embeddable":true,"href":"https:\/\/mutelcor.com\/de\/wp-json\/wp\/v2\/users\/1"}],"replies":[{"embeddable":true,"href":"https:\/\/mutelcor.com\/de\/wp-json\/wp\/v2\/comments?post=7197"}],"version-history":[{"count":20,"href":"https:\/\/mutelcor.com\/de\/wp-json\/wp\/v2\/pages\/7197\/revisions"}],"predecessor-version":[{"id":7529,"href":"https:\/\/mutelcor.com\/de\/wp-json\/wp\/v2\/pages\/7197\/revisions\/7529"}],"wp:attachment":[{"href":"https:\/\/mutelcor.com\/de\/wp-json\/wp\/v2\/media?parent=7197"}],"curies":[{"name":"wp","href":"https:\/\/api.w.org\/{rel}","templated":true}]}}